{"id":3155,"date":"2024-06-01T22:48:50","date_gmt":"2024-06-01T20:48:50","guid":{"rendered":"https:\/\/www.pizzarrs.com\/?post_type=product&#038;p=3155"},"modified":"2026-04-02T09:43:43","modified_gmt":"2026-04-02T07:43:43","slug":"lopata-do-pizzy-z-faza","status":"publish","type":"product","link":"https:\/\/www.pizzarrs.com\/en\/product\/lopata-do-pizzy-z-faza\/","title":{"rendered":"Pizza peel"},"content":{"rendered":"<p style=\"text-align: center;\"><span style=\"font-weight: 400; font-size: 12pt;\">Drewniana \u0142opata do pizzy o wymiarach 380 x 350 x 4 mm, z faz\u0105 na kraw\u0119dzi.<\/span><\/p>\n<p style=\"text-align: left;\"><span style=\"font-weight: 400; font-size: 12pt;\"><strong>Product made in Poland.<\/strong><\/span><\/p>\n<p style=\"text-align: left;\"><span style=\"font-weight: 400; font-size: 12pt;\">Pozwala na wygodne operowanie pizz\u0105 na nagrzanej stali, w piekarniku.<\/span><\/p>\n<p>\u0141opata posiada faz\u0119 na kraw\u0119dzi, kt\u00f3ra u\u0142atwia podbieranie pizzy.<\/p>\n<p style=\"text-align: left;\"><span style=\"font-weight: 400; font-size: 12pt;\">Material: birch plywood.<\/span><\/p>","protected":false},"excerpt":{"rendered":"<p style=\"text-align: justify;\"><span style=\"font-weight: 400;\">Wooden pizza peel with dimensions of 380 x 350 x 3 mm.<\/span><\/p>\n<p style=\"text-align: justify;\">","protected":false},"featured_media":2756,"template":"","meta":[],"product_brand":[],"product_cat":[37,39],"product_tag":[],"class_list":{"0":"post-3155","1":"product","2":"type-product","3":"status-publish","4":"has-post-thumbnail","6":"product_cat-akcesoria-do-pizzy","7":"product_cat-wszystkie-produkty","9":"first","10":"instock","11":"taxable","12":"shipping-taxable","13":"purchasable","14":"product-type-simple"},"_links":{"self":[{"href":"https:\/\/www.pizzarrs.com\/en\/wp-json\/wp\/v2\/product\/3155","targetHints":{"allow":["GET"]}}],"collection":[{"href":"https:\/\/www.pizzarrs.com\/en\/wp-json\/wp\/v2\/product"}],"about":[{"href":"https:\/\/www.pizzarrs.com\/en\/wp-json\/wp\/v2\/types\/product"}],"wp:featuredmedia":[{"embeddable":true,"href":"https:\/\/www.pizzarrs.com\/en\/wp-json\/wp\/v2\/media\/2756"}],"wp:attachment":[{"href":"https:\/\/www.pizzarrs.com\/en\/wp-json\/wp\/v2\/media?parent=3155"}],"wp:term":[{"taxonomy":"product_brand","embeddable":true,"href":"https:\/\/www.pizzarrs.com\/en\/wp-json\/wp\/v2\/product_brand?post=3155"},{"taxonomy":"product_cat","embeddable":true,"href":"https:\/\/www.pizzarrs.com\/en\/wp-json\/wp\/v2\/product_cat?post=3155"},{"taxonomy":"product_tag","embeddable":true,"href":"https:\/\/www.pizzarrs.com\/en\/wp-json\/wp\/v2\/product_tag?post=3155"}],"curies":[{"name":"wp","href":"https:\/\/api.w.org\/{rel}","templated":true}]}}